{"id":578,"date":"2021-06-25T11:11:50","date_gmt":"2021-06-25T11:11:50","guid":{"rendered":"https:\/\/peaceful-hertz.178-77-102-167.plesk.page\/?page_id=578"},"modified":"2021-11-08T08:17:14","modified_gmt":"2021-11-08T08:17:14","slug":"hestia","status":"publish","type":"page","link":"https:\/\/www.huber1891.com\/index.php\/hestia\/","title":{"rendered":"HESTIA"},"content":{"rendered":"\t\t<div data-elementor-type=\"wp-page\" data-elementor-id=\"578\" class=\"elementor elementor-578\" data-elementor-post-type=\"page\">\n\t\t\t\t\t\t<section class=\"elementor-section elementor-top-section elementor-element elementor-element-58c8381 elementor-section-full_width elementor-section-height-default elementor-section-height-default\" data-id=\"58c8381\" data-element_type=\"section\" data-e-type=\"section\">\n\t\t\t\t\t\t<div class=\"elementor-container elementor-column-gap-default\">\n\t\t\t\t\t<div class=\"elementor-column elementor-col-100 elementor-top-column elementor-element elementor-element-baabc72\" data-id=\"baabc72\" data-element_type=\"column\" data-e-type=\"column\">\n\t\t\t<div class=\"elementor-widget-wrap elementor-element-populated\">\n\t\t\t\t\t\t<div class=\"elementor-element elementor-element-4a4ce84 elementor-widget elementor-widget-template\" data-id=\"4a4ce84\" data-element_type=\"widget\" data-e-type=\"widget\" data-widget_type=\"template.default\">\n\t\t\t\t<div class=\"elementor-widget-container\">\n\t\t\t\t\t\t\t<div class=\"elementor-template\">\n\t\t\t\t\t<div data-elementor-type=\"section\" data-elementor-id=\"2255\" class=\"elementor elementor-2255\" data-elementor-post-type=\"elementor_library\">\n\t\t\t\t\t<section class=\"elementor-section elementor-top-section elementor-element elementor-element-12317831 elementor-section-boxed elementor-section-height-default elementor-section-height-default\" data-id=\"12317831\" data-element_type=\"section\" data-e-type=\"section\" data-settings=\"{&quot;background_background&quot;:&quot;classic&quot;}\">\n\t\t\t\t\t\t<div class=\"elementor-container elementor-column-gap-default\">\n\t\t\t\t\t<div class=\"elementor-column elementor-col-100 elementor-top-column elementor-element elementor-element-261e61c9\" data-id=\"261e61c9\" data-element_type=\"column\" data-e-type=\"column\">\n\t\t\t<div class=\"elementor-widget-wrap elementor-element-populated\">\n\t\t\t\t\t\t<div class=\"elementor-element elementor-element-b1f3e34 elementor-widget elementor-widget-heading\" data-id=\"b1f3e34\" data-element_type=\"widget\" data-e-type=\"widget\" data-widget_type=\"heading.default\">\n\t\t\t\t<div class=\"elementor-widget-container\">\n\t\t\t\t\t<p class=\"elementor-heading-title elementor-size-default\">HUBER 1891<\/p>\t\t\t\t<\/div>\n\t\t\t\t<\/div>\n\t\t\t\t<div class=\"elementor-element elementor-element-2d64ea1b elementor-widget elementor-widget-heading\" data-id=\"2d64ea1b\" data-element_type=\"widget\" data-e-type=\"widget\" data-widget_type=\"heading.default\">\n\t\t\t\t<div class=\"elementor-widget-container\">\n\t\t\t\t\t<h2 class=\"elementor-heading-title elementor-size-default\">HESTIA<\/h2>\t\t\t\t<\/div>\n\t\t\t\t<\/div>\n\t\t\t\t\t<\/div>\n\t\t<\/div>\n\t\t\t\t\t<\/div>\n\t\t<\/section>\n\t\t\t\t<\/div>\n\t\t\t\t<\/div>\n\t\t\t\t\t\t<\/div>\n\t\t\t\t<\/div>\n\t\t\t\t\t<\/div>\n\t\t<\/div>\n\t\t\t\t\t<\/div>\n\t\t<\/section>\n\t\t\t\t<section class=\"elementor-section elementor-top-section elementor-element elementor-element-36a824eb elementor-section-stretched elementor-section-boxed elementor-section-height-default elementor-section-height-default\" data-id=\"36a824eb\" data-element_type=\"section\" data-e-type=\"section\" data-settings=\"{&quot;background_background&quot;:&quot;classic&quot;,&quot;stretch_section&quot;:&quot;section-stretched&quot;}\">\n\t\t\t\t\t\t<div class=\"elementor-container elementor-column-gap-custom\">\n\t\t\t\t\t<div class=\"elementor-column elementor-col-100 elementor-top-column elementor-element elementor-element-42f75b3b\" data-id=\"42f75b3b\" data-element_type=\"column\" data-e-type=\"column\">\n\t\t\t<div class=\"elementor-widget-wrap elementor-element-populated\">\n\t\t\t\t\t\t<div class=\"elementor-element elementor-element-a93fdb7 elementor-widget elementor-widget-image\" data-id=\"a93fdb7\" data-element_type=\"widget\" data-e-type=\"widget\" data-widget_type=\"image.default\">\n\t\t\t\t<div class=\"elementor-widget-container\">\n\t\t\t\t\t\t\t\t\t\t\t\t\t\t\t<img fetchpriority=\"high\" decoding=\"async\" width=\"400\" height=\"394\" src=\"https:\/\/www.huber1891.com\/wp-content\/uploads\/2021\/11\/girl.png\" class=\"attachment-large size-large wp-image-2857\" alt=\"\" srcset=\"https:\/\/www.huber1891.com\/wp-content\/uploads\/2021\/11\/girl.png 400w, https:\/\/www.huber1891.com\/wp-content\/uploads\/2021\/11\/girl-300x296.png 300w, https:\/\/www.huber1891.com\/wp-content\/uploads\/2021\/11\/girl-100x100.png 100w\" sizes=\"(max-width: 400px) 100vw, 400px\" style=\"width:100%;height:98.5%;max-width:400px\" \/>\t\t\t\t\t\t\t\t\t\t\t\t\t\t\t<\/div>\n\t\t\t\t<\/div>\n\t\t\t\t\t<\/div>\n\t\t<\/div>\n\t\t\t\t\t<\/div>\n\t\t<\/section>\n\t\t\t\t<section class=\"elementor-section elementor-top-section elementor-element elementor-element-a9c7add elementor-section-boxed elementor-section-height-default elementor-section-height-default\" data-id=\"a9c7add\" data-element_type=\"section\" data-e-type=\"section\" data-settings=\"{&quot;background_background&quot;:&quot;classic&quot;}\">\n\t\t\t\t\t\t<div class=\"elementor-container elementor-column-gap-default\">\n\t\t\t\t\t<div class=\"elementor-column elementor-col-100 elementor-top-column elementor-element elementor-element-dad4221\" data-id=\"dad4221\" data-element_type=\"column\" data-e-type=\"column\">\n\t\t\t<div class=\"elementor-widget-wrap elementor-element-populated\">\n\t\t\t\t\t\t<div class=\"elementor-element elementor-element-5c280581 elementor-widget__width-initial elementor-widget elementor-widget-heading\" data-id=\"5c280581\" data-element_type=\"widget\" data-e-type=\"widget\" data-widget_type=\"heading.default\">\n\t\t\t\t<div class=\"elementor-widget-container\">\n\t\t\t\t\t<h2 class=\"elementor-heading-title elementor-size-default\">Das M\u00e4dchen, das den\nMenschen ein Licht entz\u00fcndete<\/h2>\t\t\t\t<\/div>\n\t\t\t\t<\/div>\n\t\t\t\t\t<\/div>\n\t\t<\/div>\n\t\t\t\t\t<\/div>\n\t\t<\/section>\n\t\t\t\t<section class=\"elementor-section elementor-top-section elementor-element elementor-element-f14f908 elementor-section-boxed elementor-section-height-default elementor-section-height-default\" data-id=\"f14f908\" data-element_type=\"section\" data-e-type=\"section\" data-settings=\"{&quot;background_background&quot;:&quot;classic&quot;}\">\n\t\t\t\t\t\t<div class=\"elementor-container elementor-column-gap-default\">\n\t\t\t\t\t<div class=\"elementor-column elementor-col-50 elementor-top-column elementor-element elementor-element-216c6a0\" data-id=\"216c6a0\" data-element_type=\"column\" data-e-type=\"column\">\n\t\t\t<div class=\"elementor-widget-wrap elementor-element-populated\">\n\t\t\t\t\t\t<div class=\"elementor-element elementor-element-dfc42bd elementor-widget elementor-widget-text-editor\" data-id=\"dfc42bd\" data-element_type=\"widget\" data-e-type=\"widget\" data-widget_type=\"text-editor.default\">\n\t\t\t\t<div class=\"elementor-widget-container\">\n\t\t\t\t\t\t\t\t\t<p>\u2014 oder wie Hestia, von den R\u00f6mern Vesta genannt, dazu sogar das Meer verlie\u00df, um in verschiedenen Gestalten alle Menschen auf dieser Welt zu besuchen.<\/p><p>\u00a0<\/p><p>Es war einmal, vor vielen tausenden von Jahren ein kleines M\u00e4dchen, das hoch in den Bergen, dort wo fast das ganze Jahr \u00fcber nur Schnee lag und Eis die Felsen \u00fcberzog, lebte.<\/p><p>Die Menschen dachten, es sei die G\u00f6ttin Hestia gewesen, einmal deshalb, weil aus ihren Augen immer dieses g\u00fctige L\u00e4cheln floss, aber auch weil sie, ganz so wie die Gemsen und Steinb\u00f6cke, leichtf\u00fc\u00dfig \u00fcber Felsen tanzen konnte.<\/p><p>Auch konnte man in diesem Dorf in den Bergen von einem Gipfel zum anderen sehen, und manches Mal, wenn der Wind ein ganz besonderes Lied blies, konnten die Menschen einander auch zurufen \u2014 von einem Gipfel zum anderen \u2014 oder an manchen Tagen konnte man diese Rufe auch bis hinunter in das Dorf, das da am Fu\u00dfe der Berge lag, h\u00f6ren.<\/p><p>So wusste man jedenfalls immer wie es den Menschen den so gehen w\u00fcrde, und so kam es auch, dass das kleine M\u00e4dchen sofort verstand, was denn nun pl\u00f6tzlich so anders sei, als eines Tages nur mehr ein lautes Wehklagen durch die L\u00fcfte zog, so ganz anders als an allen anderen Tagen.<\/p>\t\t\t\t\t\t\t\t<\/div>\n\t\t\t\t<\/div>\n\t\t\t\t\t<\/div>\n\t\t<\/div>\n\t\t\t\t<div class=\"elementor-column elementor-col-50 elementor-top-column elementor-element elementor-element-3a79f39\" data-id=\"3a79f39\" data-element_type=\"column\" data-e-type=\"column\">\n\t\t\t<div class=\"elementor-widget-wrap elementor-element-populated\">\n\t\t\t\t\t\t<div class=\"elementor-element elementor-element-573b16bb elementor-widget elementor-widget-text-editor\" data-id=\"573b16bb\" data-element_type=\"widget\" data-e-type=\"widget\" data-widget_type=\"text-editor.default\">\n\t\t\t\t<div class=\"elementor-widget-container\">\n\t\t\t\t\t\t\t\t\t<p>Die Menschen begannen zu frieren, ob des kalten Winters, aber auch ob der K\u00e4lte in ihren Herzen und der Einsamkeit in ihren einfachen H\u00e4usern auf den Bergen.<\/p>\n<p>Da beschloss das kleine M\u00e4dchen den Wind davon zu \u00fcberzeugen, sie mitzunehmen zu allen diesen abgelegenen H\u00fctten, und als er dieses dann tat, schwang sie sich jedes.<\/p>\n<p>Mal, wenn sie wieder vor einer H\u00fctte angekommen waren, herunter von diesem Sattel, aus Wolken gemacht, den der Wind vor sich hertrieb und life hinein in die Wohnstube, um dort eine einfache Feuerstelle zu errichten, vor der sich die Menschen dann im Schein des Lichtes erw\u00e4rmen konnten \u2014 innen und au\u00dfen.&nbsp;<\/p><p><span style=\"color: var( --e-global-color-eb01919 );\">Und so fragt man bis heute, wenn ein junger Mann herunter von den Gipfeln in das Dorf am Fu\u00dfe der Berge kommt, um nach einer Braut Ausschau zu halten.<\/span><br><\/p>\n<p><\/p>\n<p>Kann dieses M\u00e4dchen denn auch sp\u00e4ter immer wieder diese W\u00e4rme in deinem Haus erhalten, oder an kalten Tagen ein Licht entz\u00fcnden?<\/p>\t\t\t\t\t\t\t\t<\/div>\n\t\t\t\t<\/div>\n\t\t\t\t\t<\/div>\n\t\t<\/div>\n\t\t\t\t\t<\/div>\n\t\t<\/section>\n\t\t\t\t<section class=\"elementor-section elementor-top-section elementor-element elementor-element-12b32e9 elementor-section-full_width elementor-section-height-default elementor-section-height-default\" data-id=\"12b32e9\" data-element_type=\"section\" data-e-type=\"section\">\n\t\t\t\t\t\t<div class=\"elementor-container elementor-column-gap-default\">\n\t\t\t\t\t<div class=\"elementor-column elementor-col-100 elementor-top-column elementor-element elementor-element-0bb4f0a\" data-id=\"0bb4f0a\" data-element_type=\"column\" data-e-type=\"column\">\n\t\t\t<div class=\"elementor-widget-wrap elementor-element-populated\">\n\t\t\t\t\t\t<div class=\"elementor-element elementor-element-853c4e4 elementor-widget elementor-widget-template\" data-id=\"853c4e4\" data-element_type=\"widget\" data-e-type=\"widget\" data-widget_type=\"template.default\">\n\t\t\t\t<div class=\"elementor-widget-container\">\n\t\t\t\t\t\t\t<div class=\"elementor-template\">\n\t\t\t\t\t<div data-elementor-type=\"section\" data-elementor-id=\"1555\" class=\"elementor elementor-1555\" data-elementor-post-type=\"elementor_library\">\n\t\t\t\t\t<section class=\"elementor-section elementor-top-section elementor-element elementor-element-3f283d3a elementor-section-boxed elementor-section-height-default elementor-section-height-default\" data-id=\"3f283d3a\" data-element_type=\"section\" data-e-type=\"section\" data-settings=\"{&quot;background_background&quot;:&quot;classic&quot;}\">\n\t\t\t\t\t\t<div class=\"elementor-container elementor-column-gap-default\">\n\t\t\t\t\t<div class=\"elementor-column elementor-col-33 elementor-top-column elementor-element elementor-element-539fd590\" data-id=\"539fd590\" data-element_type=\"column\" data-e-type=\"column\">\n\t\t\t<div class=\"elementor-widget-wrap elementor-element-populated\">\n\t\t\t\t\t\t<div class=\"elementor-element elementor-element-61ed83bb elementor-widget elementor-widget-heading\" data-id=\"61ed83bb\" data-element_type=\"widget\" data-e-type=\"widget\" data-widget_type=\"heading.default\">\n\t\t\t\t<div class=\"elementor-widget-container\">\n\t\t\t\t\t<h6 class=\"elementor-heading-title elementor-size-default\">Information<\/h6>\t\t\t\t<\/div>\n\t\t\t\t<\/div>\n\t\t\t\t<div class=\"elementor-element elementor-element-431cfcfc elementor-widget elementor-widget-text-editor\" data-id=\"431cfcfc\" data-element_type=\"widget\" data-e-type=\"widget\" data-widget_type=\"text-editor.default\">\n\t\t\t\t<div class=\"elementor-widget-container\">\n\t\t\t\t\t\t\t\t\t<p>Huber Kitz Kamin e.U.<\/p><p>Jochberger Stra\u00dfe 102<\/p><p>6370 Kitzb\u00fchel<\/p><p>\u00d6sterreich<\/p>\t\t\t\t\t\t\t\t<\/div>\n\t\t\t\t<\/div>\n\t\t\t\t\t<\/div>\n\t\t<\/div>\n\t\t\t\t<div class=\"elementor-column elementor-col-33 elementor-top-column elementor-element elementor-element-2e1b807\" data-id=\"2e1b807\" data-element_type=\"column\" data-e-type=\"column\">\n\t\t\t<div class=\"elementor-widget-wrap elementor-element-populated\">\n\t\t\t\t\t\t<div class=\"elementor-element elementor-element-5c27a944 elementor-widget elementor-widget-image\" data-id=\"5c27a944\" data-element_type=\"widget\" data-e-type=\"widget\" data-widget_type=\"image.default\">\n\t\t\t\t<div class=\"elementor-widget-container\">\n\t\t\t\t\t\t\t\t\t\t\t\t\t\t\t\t<a href=\"https:\/\/www.kitzkamin.com\/\">\n\t\t\t\t\t\t\t<img decoding=\"async\" src=\"https:\/\/www.huber1891.com\/wp-content\/uploads\/2021\/07\/huber_logo1.png\" title=\"huber_logo1\" alt=\"huber_logo1\" loading=\"lazy\" \/>\t\t\t\t\t\t\t\t<\/a>\n\t\t\t\t\t\t\t\t\t\t\t\t\t\t\t<\/div>\n\t\t\t\t<\/div>\n\t\t\t\t<div class=\"elementor-element elementor-element-581a66f9 elementor-widget elementor-widget-text-editor\" data-id=\"581a66f9\" data-element_type=\"widget\" data-e-type=\"widget\" data-widget_type=\"text-editor.default\">\n\t\t\t\t<div class=\"elementor-widget-container\">\n\t\t\t\t\t\t\t\t\t<p><a href=\"https:\/\/www.huber1891.com\/index.php\/impressum\/\">Impressum | <\/a><a href=\"https:\/\/www.huber1891.com\/index.php\/impressum\/\">Datenschutz<\/a><\/p>\t\t\t\t\t\t\t\t<\/div>\n\t\t\t\t<\/div>\n\t\t\t\t\t<\/div>\n\t\t<\/div>\n\t\t\t\t<div class=\"elementor-column elementor-col-33 elementor-top-column elementor-element elementor-element-1368ecb4\" data-id=\"1368ecb4\" data-element_type=\"column\" data-e-type=\"column\">\n\t\t\t<div class=\"elementor-widget-wrap elementor-element-populated\">\n\t\t\t\t\t\t<div class=\"elementor-element elementor-element-6a0665b6 elementor-widget elementor-widget-heading\" data-id=\"6a0665b6\" data-element_type=\"widget\" data-e-type=\"widget\" data-widget_type=\"heading.default\">\n\t\t\t\t<div class=\"elementor-widget-container\">\n\t\t\t\t\t<h6 class=\"elementor-heading-title elementor-size-default\">Kontakt<\/h6>\t\t\t\t<\/div>\n\t\t\t\t<\/div>\n\t\t\t\t<div class=\"elementor-element elementor-element-9fc4833 elementor-widget elementor-widget-text-editor\" data-id=\"9fc4833\" data-element_type=\"widget\" data-e-type=\"widget\" data-widget_type=\"text-editor.default\">\n\t\t\t\t<div class=\"elementor-widget-container\">\n\t\t\t\t\t\t\t\t\t<p>TEL: <a href=\"callto:+43 (0) 5356 \/ 716 16\">+43 (0) 5356 \/ 716 16<\/a><\/p><p>E-MAIL: <a href=\"mailto: office@kitzkamin.com\">office@kitzkamin.com<\/a><\/p>\t\t\t\t\t\t\t\t<\/div>\n\t\t\t\t<\/div>\n\t\t\t\t\t<\/div>\n\t\t<\/div>\n\t\t\t\t\t<\/div>\n\t\t<\/section>\n\t\t\t\t<\/div>\n\t\t\t\t<\/div>\n\t\t\t\t\t\t<\/div>\n\t\t\t\t<\/div>\n\t\t\t\t\t<\/div>\n\t\t<\/div>\n\t\t\t\t\t<\/div>\n\t\t<\/section>\n\t\t\t\t<\/div>\n\t\t","protected":false},"excerpt":{"rendered":"<p>Das M\u00e4dchen, das den Menschen ein Licht entz\u00fcndete \u2014 oder wie Hestia, von den R\u00f6mern Vesta genannt, dazu sogar das Meer verlie\u00df, um in verschiedenen Gestalten alle Menschen auf dieser Welt zu besuchen. \u00a0 Es war einmal, vor vielen tausenden von Jahren ein kleines M\u00e4dchen, das hoch in den Bergen, dort wo fast das ganze&hellip; <a class=\"more-link\" href=\"https:\/\/www.huber1891.com\/index.php\/hestia\/\">Continue reading <span class=\"screen-reader-text\">HESTIA<\/span><\/a><\/p>\n","protected":false},"author":1,"featured_media":0,"parent":0,"menu_order":0,"comment_status":"closed","ping_status":"closed","template":"","meta":{"footnotes":""},"class_list":["post-578","page","type-page","status-publish","hentry","entry"],"_links":{"self":[{"href":"https:\/\/www.huber1891.com\/index.php\/wp-json\/wp\/v2\/pages\/578","targetHints":{"allow":["GET"]}}],"collection":[{"href":"https:\/\/www.huber1891.com\/index.php\/wp-json\/wp\/v2\/pages"}],"about":[{"href":"https:\/\/www.huber1891.com\/index.php\/wp-json\/wp\/v2\/types\/page"}],"author":[{"embeddable":true,"href":"https:\/\/www.huber1891.com\/index.php\/wp-json\/wp\/v2\/users\/1"}],"replies":[{"embeddable":true,"href":"https:\/\/www.huber1891.com\/index.php\/wp-json\/wp\/v2\/comments?post=578"}],"version-history":[{"count":119,"href":"https:\/\/www.huber1891.com\/index.php\/wp-json\/wp\/v2\/pages\/578\/revisions"}],"predecessor-version":[{"id":2870,"href":"https:\/\/www.huber1891.com\/index.php\/wp-json\/wp\/v2\/pages\/578\/revisions\/2870"}],"wp:attachment":[{"href":"https:\/\/www.huber1891.com\/index.php\/wp-json\/wp\/v2\/media?parent=578"}],"curies":[{"name":"wp","href":"https:\/\/api.w.org\/{rel}","templated":true}]}}